{"id":248,"date":"2022-04-15T05:02:31","date_gmt":"2022-04-15T05:02:31","guid":{"rendered":"https:\/\/wordpress.iqonic.design\/product\/wp\/socialv\/?page_id=248"},"modified":"2025-09-22T15:26:31","modified_gmt":"2025-09-22T08:26:31","slug":"sign-up","status":"publish","type":"page","link":"https:\/\/basecamp.exotrails.com\/vi\/sign-up\/","title":{"rendered":"Sign Up"},"content":{"rendered":"\t\t<div data-elementor-type=\"wp-page\" data-elementor-id=\"248\" class=\"elementor elementor-248\">\n\t\t\t\t\t\t<section data-marvy_enable_ripples_animation=\"false\" class=\"elementor-section elementor-top-section elementor-element elementor-element-9c28ce3 elementor-section-stretched elementor-section-full_width elementor-section-height-full elementor-section-content-middle elementor-section-height-default elementor-section-items-middle elementor-invisible\" data-id=\"9c28ce3\" data-element_type=\"section\" data-e-type=\"section\" data-settings=\"{&quot;stretch_section&quot;:&quot;section-stretched&quot;,&quot;animation&quot;:&quot;fadeIn&quot;,&quot;animation_delay&quot;:100,&quot;background_background&quot;:&quot;classic&quot;}\">\n\t\t\t\t\t\t<div class=\"elementor-container elementor-column-gap-default\">\n\t\t\t\t\t<div class=\"elementor-column elementor-col-50 elementor-top-column elementor-element elementor-element-6879e28 elementor-hidden-mobile\" data-id=\"6879e28\" data-element_type=\"column\" data-e-type=\"column\">\n\t\t\t<div class=\"elementor-widget-wrap elementor-element-populated\">\n\t\t\t\t\t\t<div data-marvy_enable_ripples_animation=\"true\" data-marvy_ripples_animation_circle_color=\"#1A4C4A\" data-marvy_ripples_animation_circle_position=\"center\" data-marvy_ripples_animation_circle_size=\"170\" class=\"elementor-section elementor-inner-section elementor-element elementor-element-666eef2 elementor-section-height-full elementor-section-content-middle elementor-section-boxed elementor-section-height-default\" data-id=\"666eef2\" data-element_type=\"section\" data-e-type=\"section\" data-settings=\"{&quot;background_background&quot;:&quot;classic&quot;}\">\n\t\t\t\t\t\t<div class=\"elementor-container elementor-column-gap-default\">\n\t\t\t\t\t<div class=\"elementor-column elementor-col-100 elementor-inner-column elementor-element elementor-element-18749e2\" data-id=\"18749e2\" data-element_type=\"column\" data-e-type=\"column\">\n\t\t\t<div class=\"elementor-widget-wrap elementor-element-populated\">\n\t\t\t\t\t\t<div class=\"elementor-element elementor-element-7458701 elementor-widget elementor-widget-iqonic_imageBox\" data-id=\"7458701\" data-element_type=\"widget\" data-e-type=\"widget\" data-widget_type=\"iqonic_imageBox.default\">\n\t\t\t\t<div class=\"elementor-widget-container\">\n\t\t\t\t\t        <div class=\"socialv-imagebox socialv-style1\">\r\n            <div class=\"socialv-image-box socialv-widget-swiper\" data-slide=\"1\" data-loop=\"true\" data-speed=\"1000\" data-spacebtslide=\"40\" data-autoplay=\"4000\" data-laptop=\"1\" data-tab=\"1\" data-mobile=\"1\" data-navnext=\"navnext_96\" data-navprev=\"navprev_96\" data-pagination=\"pagination_96\">\r\n                <ul class=\"list-inline m-0 swiper-wrapper\">\r\n                                            <li class=\"swiper-slide\">\r\n                            <div class=\" socialv-image-box-data\">\r\n                                                                    <div class=\"image-box\">\r\n                                                                                    <img decoding=\"async\" src=\"https:\/\/basecamp.exotrails.com\/wp-content\/uploads\/2025\/09\/IMG_6092-1-scaled.png\" alt=\"Image\" loading=\"lazy\" \/>\r\n                                                                                <\/div>\r\n                                                                <div class=\"images-data-info\">\r\n                                    <h3 class=\"title\">Where nature meets community <\/h3>                                    <p class=\"desc\">More than trails, it\u2019s a place to connect. Discover nature, discover people, discover yourself.\n<\/p>                                <\/div>\r\n                            <\/div>\r\n                        <\/li>\r\n                                            <li class=\"swiper-slide\">\r\n                            <div class=\" socialv-image-box-data\">\r\n                                                                    <div class=\"image-box\">\r\n                                                                                    <img decoding=\"async\" src=\"https:\/\/basecamp.exotrails.com\/wp-content\/uploads\/2025\/09\/Sign-up-3-scaled.png\" alt=\"Image\" loading=\"lazy\" \/>\r\n                                                                                <\/div>\r\n                                                                <div class=\"images-data-info\">\r\n                                    <h3 class=\"title\">Share the story, build the bonds <\/h3>                                    <p class=\"desc\">Every adventure is worth telling. Share your journey, inspire others, and grow together.\n<\/p>                                <\/div>\r\n                            <\/div>\r\n                        <\/li>\r\n                                            <li class=\"swiper-slide\">\r\n                            <div class=\" socialv-image-box-data\">\r\n                                                                    <div class=\"image-box\">\r\n                                                                                    <img decoding=\"async\" src=\"https:\/\/basecamp.exotrails.com\/wp-content\/uploads\/2025\/09\/Sign-up-1-scaled.png\" alt=\"Image\" loading=\"lazy\" \/>\r\n                                                                                <\/div>\r\n                                                                <div class=\"images-data-info\">\r\n                                    <h3 class=\"title\">Your adventure starts here <\/h3>                                    <p class=\"desc\">Step into a world of trails, stories, and friendships. The journey begins the moment you do.\n<\/p>                                <\/div>\r\n                            <\/div>\r\n                        <\/li>\r\n                                    <\/ul>\r\n            <\/div>\r\n            <!-- Navigation start -->\r\n                            <div class=\"swiper-pagination css-prefix-pagination-align\" id=\"pagination_96\"><\/div>\r\n                    <\/div>\r\n        \t\t\t\t<\/div>\n\t\t\t\t<\/div>\n\t\t\t\t\t<\/div>\n\t\t<\/div>\n\t\t\t\t\t<\/div>\n\t\t<\/div>\n\t\t\t\t\t<\/div>\n\t\t<\/div>\n\t\t\t\t<div class=\"elementor-column elementor-col-50 elementor-top-column elementor-element elementor-element-560a707 socialv-background-white authpage\" data-id=\"560a707\" data-element_type=\"column\" data-e-type=\"column\">\n\t\t\t<div class=\"elementor-widget-wrap elementor-element-populated\">\n\t\t\t\t\t\t<div data-marvy_enable_ripples_animation=\"false\" class=\"elementor-section elementor-inner-section elementor-element elementor-element-2b6d9e1 elementor-section-height-full elementor-section-content-middle register-page-scroll elementor-section-boxed elementor-section-height-default\" data-id=\"2b6d9e1\" data-element_type=\"section\" data-e-type=\"section\">\n\t\t\t\t\t\t<div class=\"elementor-container elementor-column-gap-default\">\n\t\t\t\t\t<div class=\"elementor-column elementor-col-100 elementor-inner-column elementor-element elementor-element-974c73d\" data-id=\"974c73d\" data-element_type=\"column\" data-e-type=\"column\">\n\t\t\t<div class=\"elementor-widget-wrap elementor-element-populated\">\n\t\t\t\t\t\t<div class=\"elementor-element elementor-element-3e172d0 elementor-widget elementor-widget-shortcode\" data-id=\"3e172d0\" data-element_type=\"widget\" data-e-type=\"widget\" data-widget_type=\"shortcode.default\">\n\t\t\t\t<div class=\"elementor-widget-container\">\n\t\t\t\t\t\t\t<div class=\"elementor-shortcode\">        <div id=\"user_registerform\" class=\"card-main socialv-bp-login\">\n            <div class=\"card-inner\">\n                <div class=\"socialv-login-form\">\n                            <a class=\"navbar-brand socialv-logo logo-align-left \"\n            href=\"https:\/\/basecamp.exotrails.com\/vi\/\">\n                        <div class=\"logo-main\">\n                <div class=\"logo-normal\"><img decoding=\"async\" class=\"img-fluid logo\" loading=\"lazy\" src=\"https:\/\/basecamp.exotrails.com\/wp-content\/uploads\/2025\/09\/EXOTRAILS-logo_Artboard-5.svg\" alt=\"\"><\/div>            <\/div>\n        <\/a>\n    <div class=\"socialv-info text-center\"><p>Welcome to Basecamp \u2014 where every journey begins, together.<\/p><\/div>                                                                    <form id=\"registerform\" action=\"\/vi\/wp-json\/wp\/v2\/pages\/248\" method=\"POST\">\n                            <div class=\"row\">\n                                <div class=\"col-md-12\">\n                                    <div class=\"register-firstname\">\n                                        <label>First Name<\/label>\n                                        <div class=\"input-group mb-3\">\n                                            <span class=\"input-group-text\"><i class=\"iconly-Add-User icli\"><\/i><\/span>\n                                            <input class=\"form-control\" name=\"socialv_user_first\" id=\"socialv_user_first\" type=\"text\" placeholder=\"First Name\" required \/>\n                                        <\/div>\n                                    <\/div>\n                                <\/div>\n                                <div class=\"col-md-12\">\n                                    <div class=\"register-lastname\">\n                                        <label>Last Name<\/label>\n                                        <div class=\"input-group mb-3\">\n                                            <span class=\"input-group-text\"><i class=\"iconly-Add-User icli\"><\/i><\/span>\n                                            <input class=\"form-control\" name=\"socialv_user_last\" id=\"socialv_user_last\" type=\"text\" placeholder=\"Last Name\" required \/>\n                                        <\/div>\n                                    <\/div>\n                                <\/div>\n                                <div class=\"col-md-12\">\n                                    <div class=\"register-username\">\n                                        <label>Username<\/label>\n                                        <div class=\"input-group mb-3\">\n                                            <span class=\"input-group-text\"><i class=\"iconly-Add-User icli\"><\/i><\/span>\n                                            <input class=\"form-control\" name=\"socialv_user_login\" id=\"socialv_user_login\" class=\"required\" type=\"text\" placeholder=\"Username\" required \/>\n                                        <\/div>\n                                    <\/div>\n                                <\/div>\n                                <div class=\"col-md-12\">\n                                    <div class=\"register-emailname\">\n                                        <label>Email*<\/label>\n                                        <div class=\"input-group mb-3\">\n                                            <span class=\"input-group-text\"><i class=\"iconly-Message icli\"><\/i><\/span>\n                                            <input class=\"form-control\" name=\"socialv_user_email\" id=\"socialv_user_email\" class=\"required\" type=\"email\" placeholder=\"Email\" required \/>\n                                        <\/div>\n                                    <\/div>\n                                <\/div>\n                                <div class=\"col-md-12\">\n                                    <div class=\"register-password\">\n                                        <label>Password<\/label>\n                                        <div class=\"input-group mb-3\">\n                                            <span class=\"input-group-text\"><i class=\"iconly-Lock icli\"><\/i><\/span>\n                                            <input class=\"form-control socialv-password-field\" name=\"socialv_user_pass\" id=\"password\" class=\"required\" type=\"password\" placeholder=\"Password\" required \/>\n                                            <span class=\"icon-eye-close toggle-password show-password\"><\/span>\n                                        <\/div>\n                                    <\/div>\n                                <\/div>\n                                <div class=\"col-md-12\">\n                                    <div class=\"register-username\">\n                                        <label>Confirm Password<\/label>\n                                        <div class=\"input-group mb-3\">\n                                            <span class=\"input-group-text\"><i class=\"iconly-Lock icli\"><\/i><\/span>\n                                            <input class=\"form-control socialv-password-field\" name=\"socialv_user_pass_confirm\" id=\"password_again\" class=\"required\" type=\"password\" placeholder=\"Confirm Password\" required \/>\n                                            <span class=\"icon-eye-close toggle-password show-password\"><\/span>\n                                        <\/div>\n                                    <\/div>\n                                <\/div>\n                                <div class=\"col-md-12\">\n                                                                    <\/div>\n                                <div class=\"col-md-12 socialv-auth-button\">\n                                    <input type=\"hidden\" name=\"socialv_register_nonce\" class=\"socialv-button w-100\" value=\"48685e81ef\" \/>\n                                    <button type=\"submit\" class=\"socialv-button w-100\" value=\"Register\">Register<\/button>\n                                <\/div>\n                            <\/div>\n                        <\/form>\n                    <div class=\"text-center social-login-label\">ho\u1eb7c<\/div>\t\t\t<script>\n\t\t\t\tdocument.addEventListener(\"DOMContentLoaded\", function () {\n                    jQuery(\".mo_btn-mo\").prop(\"disabled\",false);\n                    });\n\t\t\t<\/script>\n\t\t\t\t\t<script type=\"text\/javascript\">\n\t\t\tdocument.addEventListener(\"DOMContentLoaded\", function () {\n                jQuery(document).ready(function () {\n                jQuery(\".login-button\").css(\"cursor\", \"pointer\");\n            });\n                            });\n\t\t\tfunction mo_openid_on_consent_change(checkbox){\n\t\t\t\tif (! checkbox.checked) {\n\t\t\t\t\tjQuery('#mo_openid_consent_checkbox').val(1);\n\t\t\t\t\tjQuery(\".mo_btn-mo\").attr(\"disabled\", true);\n\t\t\t\t\tjQuery(\".login-button\").addClass(\"dis\");\n\t\t\t\t} else {\n\t\t\t\t\tjQuery('#mo_openid_consent_checkbox').val(0);\n\t\t\t\t\tjQuery(\".mo_btn-mo\").attr(\"disabled\", false);\n\t\t\t\t\tjQuery(\".login-button\").removeClass(\"dis\");\n\t\t\t\t}\n\t\t\t}\n\n\t\t\tvar perfEntries = performance.getEntriesByType(\"navigation\");\n\n\t\t\tif (perfEntries[0].type === \"back_forward\") {\n\t\t\t\tlocation.reload(true);\n\t\t\t}\n\t\t\tfunction HandlePopupResult(result) {\n\t\t\t\twindow.location = \"https:\/\/basecamp.exotrails.com\";\n\t\t\t}\n\t\t\tfunction moOpenIdLogin(app_name,is_custom_app) {\n\t\t\t\tvar current_url = window.location.href;\n\t\t\t\tvar cookie_name = \"redirect_current_url\";\n\t\t\t\tvar d = new Date();\n\t\t\t\td.setTime(d.getTime() + (2 * 24 * 60 * 60 * 1000));\n\t\t\t\tvar expires = \"expires=\"+d.toUTCString();\n\t\t\t\tdocument.cookie = cookie_name + \"=\" + current_url + \";\" + expires + \";path=\/\";\n\n\t\t\t\t\t\t\t\tvar base_url = 'https:\/\/basecamp.exotrails.com';\n\t\t\t\tvar request_uri = '\/vi\/wp-json\/wp\/v2\/pages\/248';\n\t\t\t\tvar http = 'https:\/\/';\n\t\t\t\tvar http_host = 'basecamp.exotrails.com';\n\t\t\t\tvar default_nonce = 'dd988be765';\n\t\t\t\tvar custom_nonce = '68a0c8fc88';\n\t\t\t\tif(is_custom_app == 'false'){\n\t\t\t\t\tif ( request_uri.indexOf('wp-login.php') !=-1){\n\t\t\t\t\t\tvar redirect_url = base_url + '\/?option=getmosociallogin&wp_nonce=' + default_nonce + '&app_name=';\n\n\t\t\t\t\t}else {\n\t\t\t\t\t\tvar redirect_url = http + http_host + request_uri;\n\t\t\t\t\t\tif(redirect_url.indexOf('?') != -1){\n\t\t\t\t\t\t\tredirect_url = redirect_url +'&option=getmosociallogin&wp_nonce=' + default_nonce + '&app_name=';\n\t\t\t\t\t\t}\n\t\t\t\t\t\telse\n\t\t\t\t\t\t{\n\t\t\t\t\t\t\tredirect_url = redirect_url +'?option=getmosociallogin&wp_nonce=' + default_nonce + '&app_name=';\n\t\t\t\t\t\t}\n\t\t\t\t\t}\n\n\t\t\t\t}\n\t\t\t\telse {\n\t\t\t\t\tif ( request_uri.indexOf('wp-login.php') !=-1){\n\t\t\t\t\t\tvar redirect_url = base_url + '\/?option=oauthredirect&wp_nonce=' + custom_nonce + '&app_name=';\n\n\n\t\t\t\t\t}else {\n\t\t\t\t\t\tvar redirect_url = http + http_host + request_uri;\n\t\t\t\t\t\tif(redirect_url.indexOf('?') != -1)\n\t\t\t\t\t\t\tredirect_url = redirect_url +'&option=oauthredirect&wp_nonce=' + custom_nonce + '&app_name=';\n\t\t\t\t\t\telse\n\t\t\t\t\t\t\tredirect_url = redirect_url +'?option=oauthredirect&wp_nonce=' + custom_nonce + '&app_name=';\n\t\t\t\t\t}\n\n\t\t\t\t}\n\t\t\t\tif( 0) {\n\t\t\t\t\tvar myWindow = window.open(redirect_url + app_name, \"\", \"width=700,height=620\");\n\t\t\t\t}\n\t\t\t\telse{\n\t\t\t\t\twindow.location.href = redirect_url + app_name;\n\t\t\t\t}\n\t\t\t}\n\t\t<\/script>\n\t\t<div class=\"text-center\"><div class='mo-openid-app-icons'>\n\t\t\t\t\t <p style='color:#000000; width: fit-content;'> Connect with<\/p><a class=' login-button'  title= ' Login with facebook' onClick=\"moOpenIdLogin('facebook','true');\" title= ' Login with  facebook'><i style='margin-top:10px;width:35px !important;height:35px !important;margin-left:4px !important;background:#1877F2;font-size: 19px !important;text-align:center; padding-top: 8px;color:white'  class='fab fa-facebook  mo_btn-mo mo_openid-login-button login-button mo_btn_transform_i  round' ><\/i><\/a><a class=' login-button ' title= ' Login with Google' onClick=\"moOpenIdLogin('google','true');\" title= ' Login with  google'><i style='margin-top:10px;width:35px !important;height:35px !important;margin-left:4px !important;background:#DB4437;font-size: 19px !important;text-align:center; padding-top: 8px;color:white'  class='fab fa-google  mo_btn-mo mo_openid-login-button login-button mo_btn_transform_i  round' ><\/i><\/a><\/div> <br><\/div><div class=\"col-md-12 text-center\"><p class=\"register-link\">\u0110\u00e3 c\u00f3 t\u00e0i kho\u1ea3n?<a id=\"user_forget_form\" href=\"https:\/\/basecamp.exotrails.com\/vi\/login\/\" class=\"socialv-button socialv-button-link\">\u0110\u0103ng nh\u1eadp<\/a><\/p><\/div>                <\/div>\n            <\/div>\n        <\/div>\n<\/div>\n\t\t\t\t\t\t<\/div>\n\t\t\t\t<\/div>\n\t\t\t\t\t<\/div>\n\t\t<\/div>\n\t\t\t\t\t<\/div>\n\t\t<\/div>\n\t\t\t\t\t<\/div>\n\t\t<\/div>\n\t\t\t\t\t<\/div>\n\t\t<\/section>\n\t\t\t\t<\/div>\n\t\t","protected":false},"excerpt":{"rendered":"<p>Where nature meets community More than trails, it\u2019s a place to connect. Discover nature, discover people, discover yourself. Share the story, build the bonds Every adventure is worth telling. Share your journey, inspire others, and grow together. Your adventure starts here Step into a world of trails, stories, and friendships. The journey begins the moment [&hellip;]<\/p>\n","protected":false},"author":1,"featured_media":11951,"parent":0,"menu_order":0,"comment_status":"closed","ping_status":"closed","template":"","meta":{"_acf_changed":false,"footnotes":""},"class_list":["post-248","page","type-page","status-publish","has-post-thumbnail","hentry"],"acf":[],"_links":{"self":[{"href":"https:\/\/basecamp.exotrails.com\/vi\/wp-json\/wp\/v2\/pages\/248","targetHints":{"allow":["GET"]}}],"collection":[{"href":"https:\/\/basecamp.exotrails.com\/vi\/wp-json\/wp\/v2\/pages"}],"about":[{"href":"https:\/\/basecamp.exotrails.com\/vi\/wp-json\/wp\/v2\/types\/page"}],"author":[{"embeddable":true,"href":"https:\/\/basecamp.exotrails.com\/vi\/wp-json\/wp\/v2\/users\/1"}],"replies":[{"embeddable":true,"href":"https:\/\/basecamp.exotrails.com\/vi\/wp-json\/wp\/v2\/comments?post=248"}],"version-history":[{"count":0,"href":"https:\/\/basecamp.exotrails.com\/vi\/wp-json\/wp\/v2\/pages\/248\/revisions"}],"wp:featuredmedia":[{"embeddable":true,"href":"https:\/\/basecamp.exotrails.com\/vi\/wp-json\/wp\/v2\/media\/11951"}],"wp:attachment":[{"href":"https:\/\/basecamp.exotrails.com\/vi\/wp-json\/wp\/v2\/media?parent=248"}],"curies":[{"name":"wp","href":"https:\/\/api.w.org\/{rel}","templated":true}]}}